{"id":111,"date":"2023-04-15T05:15:55","date_gmt":"2023-04-15T05:15:55","guid":{"rendered":"https:\/\/mihoaida.com\/pct\/?page_id=111"},"modified":"2026-04-20T03:23:15","modified_gmt":"2026-04-20T03:23:15","slug":"support","status":"publish","type":"page","link":"https:\/\/mihoaida.com\/pct\/support\/","title":{"rendered":"Support"},"content":{"rendered":"\n<div class=\"is-style-ona-stroke-frame wp-block-cover alignfull is-light\" style=\"min-height:100vh;aspect-ratio:unset;\"><img data-recalc-dims=\"1\" loading=\"lazy\" decoding=\"async\" width=\"1170\" height=\"713\" class=\"wp-block-cover__image-background wp-image-144\" alt=\"\" src=\"https:\/\/i0.wp.com\/mihoaida.com\/pct\/wp-content\/uploads\/2023\/04\/IMG_3665-1-scaled-e1681539488696.jpg?resize=1170%2C713&#038;ssl=1\" data-object-fit=\"cover\" srcset=\"https:\/\/i0.wp.com\/mihoaida.com\/pct\/wp-content\/uploads\/2023\/04\/IMG_3665-1-scaled-e1681539488696.jpg?w=2540&amp;ssl=1 2540w, https:\/\/i0.wp.com\/mihoaida.com\/pct\/wp-content\/uploads\/2023\/04\/IMG_3665-1-scaled-e1681539488696.jpg?resize=300%2C183&amp;ssl=1 300w, https:\/\/i0.wp.com\/mihoaida.com\/pct\/wp-content\/uploads\/2023\/04\/IMG_3665-1-scaled-e1681539488696.jpg?resize=1024%2C624&amp;ssl=1 1024w, https:\/\/i0.wp.com\/mihoaida.com\/pct\/wp-content\/uploads\/2023\/04\/IMG_3665-1-scaled-e1681539488696.jpg?resize=768%2C468&amp;ssl=1 768w, https:\/\/i0.wp.com\/mihoaida.com\/pct\/wp-content\/uploads\/2023\/04\/IMG_3665-1-scaled-e1681539488696.jpg?resize=1536%2C936&amp;ssl=1 1536w, https:\/\/i0.wp.com\/mihoaida.com\/pct\/wp-content\/uploads\/2023\/04\/IMG_3665-1-scaled-e1681539488696.jpg?resize=2048%2C1248&amp;ssl=1 2048w, https:\/\/i0.wp.com\/mihoaida.com\/pct\/wp-content\/uploads\/2023\/04\/IMG_3665-1-scaled-e1681539488696.jpg?resize=1170%2C713&amp;ssl=1 1170w, https:\/\/i0.wp.com\/mihoaida.com\/pct\/wp-content\/uploads\/2023\/04\/IMG_3665-1-scaled-e1681539488696.jpg?w=2340&amp;ssl=1 2340w\" sizes=\"auto, (max-width: 1170px) 100vw, 1170px\" \/><span aria-hidden=\"true\" class=\"wp-block-cover__background has-background-dim\"><\/span><div class=\"wp-block-cover__inner-container is-layout-flow wp-block-cover-is-layout-flow\">\n<p class=\"has-text-align-center has-large-font-size\"><\/p>\n<\/div><\/div>\n\n\n\n<p class=\"has-text-align-right\">Photo courtesy of Michael Yanagisawa<\/p>\n\n\n\n<h2 class=\"wp-block-heading\"><strong>Join Me on the Trail<\/strong><\/h2>\n\n\n\n<p class=\"has-link-color wp-elements-0372e64f757907cbd21e86597dda1699\">Join me for a few days or a few hours! Or camp with me for a night if you\u2019d like. Please check the updates page for my approximate location so you know where to join me.<\/p>\n\n\n\n<h2 class=\"wp-block-heading\"><strong>Be a Trail Angel<\/strong><\/h2>\n\n\n\n<p class=\"has-link-color wp-elements-d6aee05d80a6c9e393e10f387e5a4085\">Want to surprise me by being a trail angel? If so, please check out this&nbsp;<a href=\"https:\/\/docs.google.com\/document\/d\/11XoiVtQNtzWnI0Gkvbb4ML3jbrdJiHynxj7UL9TtOgI\/edit?usp=sharing\" target=\"_blank\" rel=\"noreferrer noopener\">angel list<\/a>, which shares my favorite treats that guarantee my blissful response! Do you see how thrilled I am in the photo above? It was taken during the summer of 2021 when I first encountered people known as &#8220;trail angels&#8221; at Selden Pass on N\u00fc\u00fcm\u00fc Poyo, aka the John Muir Trail. They traveled from Wisconsin just to feed hungry hikers for one day, and I happened to pass by them.&nbsp;They hiked in with a small grill, a cooler full of burgers, hot dogs, beer, and more, plus bear canisters full of other goodies! The best part was their outfit! No pressure, friends.<\/p>\n\n\n\n<h2 class=\"wp-block-heading has-link-color wp-elements-2064edc7c0bed688b017edfd01d16f4f\"><strong>Make a Donation<\/strong><\/h2>\n\n\n\n<p class=\"has-link-color wp-elements-7f271cf9338f1d2bade462a2ad084334\">If you would like to chip in to my journey fund, your support would be greatly appreciated and would make my life on the trail more wonderful. You can contribute via <a href=\"https:\/\/account.venmo.com\/u\/Miho-Aida\">Venmo@Miho-Aida<\/a> (preferred) or <a href=\"https:\/\/www.paypal.com\/paypalme\/mihoaida\" target=\"_blank\" rel=\"noreferrer noopener\">PayPal<\/a>.<\/p>\n\n\n\n<div class=\"wp-block-columns is-layout-flex wp-container-core-columns-is-layout-28f84493 wp-block-columns-is-layout-flex\">\n<div class=\"wp-block-column is-layout-flow wp-block-column-is-layout-flow\" style=\"flex-basis:100%\">\n<h2 class=\"wp-block-heading\"><strong>Thank you to my supporters<\/strong>!<\/h2>\n\n\n\n<h4 class=\"wp-block-heading\">2026 Great Freedom Loop<\/h4>\n\n\n\n<p class=\"\">Aida family | Autumn Saxton-Ross | Beverly Cherner | Bhavana Mody | Eiko Toyooka | Jacinta McCann | Joanne Wong | Junko Ono | Junko Stickney | Kaori Takahashi | Karen Duderstadt | Leonard Banaag | Lois A Indorf | Maki Yama | Maho Osano | Martha Ehrenfeld | Megumi Konishi | Pamela David | Shizuka Sudo | Vicky and Tom Simonds | Walter Van Riel<\/p>\n\n\n\n<figure class=\"wp-block-image size-full\"><img loading=\"lazy\" decoding=\"async\" width=\"716\" height=\"170\" src=\"https:\/\/i0.wp.com\/mihoaida.com\/pct\/wp-content\/uploads\/2026\/04\/Screen-Shot-2026-04-17-at-4.12.34-PM-1.jpg?fit=716%2C170&amp;ssl=1\" alt=\"\" class=\"wp-image-3167\" srcset=\"https:\/\/i0.wp.com\/mihoaida.com\/pct\/wp-content\/uploads\/2026\/04\/Screen-Shot-2026-04-17-at-4.12.34-PM-1.jpg?w=716&amp;ssl=1 716w, https:\/\/i0.wp.com\/mihoaida.com\/pct\/wp-content\/uploads\/2026\/04\/Screen-Shot-2026-04-17-at-4.12.34-PM-1.jpg?resize=300%2C71&amp;ssl=1 300w\" sizes=\"auto, (max-width: 716px) 100vw, 716px\" \/><\/figure>\n\n\n\n<h4 class=\"wp-block-heading\">2024 &amp; 2025 Great Divide Loop<\/h4>\n\n\n\n<p class=\"\">Aida family | Amy Andreini | Ana Duarte | Antonia Bethel | Autumn Saxton-Ross | Ava Holliday | Beth Cable | Ben Graves | Beverly Cherner | Bhavana Mody | Brea Jones | Brian Huttenburg | Carrie Anderson | Carol-Anne Pugliese | Cleve Justis | Dom Sullivan | Don Jaramillo | Drew Gallant | Duffy Ross | Eiko Toyooka | Elaine Swiedler | Endria Richardson | Francis Taroc | Joanne Wong | Karli Cowman | Kelly Sloan | Kiyoko Usugi | Kristin Dybala | Ghessycka Bennett | Lilla Fortunoff | Lisa Holmes | Liz A Tuohy | Maya Higgins | Meg Jakubowski | Mira Manickam | Mira Reverente | PaHoua Lee | Phil Killbridge | Sam (Susan) Boren | Tanya Grasser | Vicki Hamilton | Walter Sive | Yoko Kaneko | Zo\u00eb Unruh<\/p>\n\n\n\n<figure class=\"wp-block-image size-large\"><img data-recalc-dims=\"1\" loading=\"lazy\" decoding=\"async\" width=\"1024\" height=\"198\" src=\"https:\/\/i0.wp.com\/mihoaida.com\/pct\/wp-content\/uploads\/2024\/04\/Screenshot-2024-04-19-at-8.13.33%E2%80%AFPM.png?resize=1024%2C198&#038;ssl=1\" alt=\"\" class=\"wp-image-1640\" srcset=\"https:\/\/i0.wp.com\/mihoaida.com\/pct\/wp-content\/uploads\/2024\/04\/Screenshot-2024-04-19-at-8.13.33%E2%80%AFPM.png?resize=1024%2C198&amp;ssl=1 1024w, https:\/\/i0.wp.com\/mihoaida.com\/pct\/wp-content\/uploads\/2024\/04\/Screenshot-2024-04-19-at-8.13.33%E2%80%AFPM.png?resize=300%2C58&amp;ssl=1 300w, https:\/\/i0.wp.com\/mihoaida.com\/pct\/wp-content\/uploads\/2024\/04\/Screenshot-2024-04-19-at-8.13.33%E2%80%AFPM.png?resize=768%2C148&amp;ssl=1 768w, https:\/\/i0.wp.com\/mihoaida.com\/pct\/wp-content\/uploads\/2024\/04\/Screenshot-2024-04-19-at-8.13.33%E2%80%AFPM.png?w=1150&amp;ssl=1 1150w\" sizes=\"auto, (max-width: 1024px) 100vw, 1024px\" \/><\/figure>\n\n\n\n<h4 class=\"wp-block-heading\">2023 Great Pacific Loop<\/h4>\n\n\n\n<div class=\"wp-block-group is-vertical is-layout-flex wp-container-core-group-is-layout-fe9cc265 wp-block-group-is-layout-flex\">\n<div class=\"wp-block-group is-vertical is-layout-flex wp-container-core-group-is-layout-fe9cc265 wp-block-group-is-layout-flex\">\n<p class=\"\">Aida Family | Antonia Bethel | Aparna Rajagopal-Durbin | April Yamaichi | Bhavana Mody | Beverly Cherner | Brian Huttenburg | Carla Paliaga | Carol-Anne Pugliese | Caroline Grothues | Chris Gooch | Christie McCullen | Christina Hodge | Christopher &amp; Teija Sprinzyk | Cleve Justis | Eiko Toyooka | Emily Wang | Endria Richardson | Eric Dybala | Erin Berger | Francis Taroc | Graci Avila | Janaki Patel | Jeff Newman | Julie Simonsen | Junko Stickney | Hisako Oba | Kelly Sloan | Kiyoko Usugi | Koto Kishida | Kristin Dybala | Leah Hux | Leonard &amp; Bridget Koike | Lilla Fortunoff | Liz Valentine | Nao Matsuzawa | Naoko Fujimaki | narinda heng | Nessarose Schear | Nora Akino | Reesha Katcher | Sandra Hikari | Sarah Sugarman | Shizuka Sudo | Sonia Veiga | Susanne Takehara | Uma Patel | Yoko Kaneko<\/p>\n<\/div>\n<\/div>\n\n\n\n<figure class=\"wp-block-image size-large\"><img data-recalc-dims=\"1\" loading=\"lazy\" decoding=\"async\" width=\"1024\" height=\"299\" src=\"https:\/\/i0.wp.com\/mihoaida.com\/pct\/wp-content\/uploads\/2023\/09\/Screenshot-2023-09-21-at-9.18.14-PM.png?resize=1024%2C299&#038;ssl=1\" alt=\"\" class=\"wp-image-986\" srcset=\"https:\/\/i0.wp.com\/mihoaida.com\/pct\/wp-content\/uploads\/2023\/09\/Screenshot-2023-09-21-at-9.18.14-PM.png?resize=1024%2C299&amp;ssl=1 1024w, https:\/\/i0.wp.com\/mihoaida.com\/pct\/wp-content\/uploads\/2023\/09\/Screenshot-2023-09-21-at-9.18.14-PM.png?resize=300%2C88&amp;ssl=1 300w, https:\/\/i0.wp.com\/mihoaida.com\/pct\/wp-content\/uploads\/2023\/09\/Screenshot-2023-09-21-at-9.18.14-PM.png?resize=768%2C224&amp;ssl=1 768w, https:\/\/i0.wp.com\/mihoaida.com\/pct\/wp-content\/uploads\/2023\/09\/Screenshot-2023-09-21-at-9.18.14-PM.png?resize=1170%2C341&amp;ssl=1 1170w, https:\/\/i0.wp.com\/mihoaida.com\/pct\/wp-content\/uploads\/2023\/09\/Screenshot-2023-09-21-at-9.18.14-PM.png?w=1316&amp;ssl=1 1316w\" sizes=\"auto, (max-width: 1024px) 100vw, 1024px\" \/><\/figure>\n<\/div>\n<\/div>\n","protected":false},"excerpt":{"rendered":"<p>Photo courtesy of Michael Yanagisawa Join Me on the Trail Join me for a few days or a few hours! Or camp with me for a night if you\u2019d like. Please check the updates page for my approximate location so you know where to join me. Be a Trail Angel Want to surprise me by [&hellip;]<\/p>\n","protected":false},"author":1,"featured_media":0,"parent":0,"menu_order":0,"comment_status":"closed","ping_status":"closed","template":"","meta":{"nf_dc_page":"","om_disable_all_campaigns":false,"_monsterinsights_skip_tracking":false,"_monsterinsights_sitenote_active":false,"_monsterinsights_sitenote_note":"","_monsterinsights_sitenote_category":0,"footnotes":""},"class_list":["post-111","page","type-page","status-publish","hentry"],"yoast_head":"<!-- This site is optimized with the Yoast SEO plugin v27.5 - https:\/\/yoast.com\/product\/yoast-seo-wordpress\/ -->\n<title>Support - triple crown of full circle<\/title>\n<meta name=\"robots\" content=\"index, follow, max-snippet:-1, max-image-preview:large, max-video-preview:-1\" \/>\n<link rel=\"canonical\" href=\"https:\/\/mihoaida.com\/pct\/support\/\" \/>\n<meta property=\"og:locale\" content=\"en_US\" \/>\n<meta property=\"og:type\" content=\"article\" \/>\n<meta property=\"og:title\" content=\"Support - triple crown of full circle\" \/>\n<meta property=\"og:description\" content=\"Photo courtesy of Michael Yanagisawa Join Me on the Trail Join me for a few days or a few hours! Or camp with me for a night if you\u2019d like. Please check the updates page for my approximate location so you know where to join me. Be a Trail Angel Want to surprise me by [&hellip;]\" \/>\n<meta property=\"og:url\" content=\"https:\/\/mihoaida.com\/pct\/support\/\" \/>\n<meta property=\"og:site_name\" content=\"triple crown of full circle\" \/>\n<meta property=\"article:modified_time\" content=\"2026-04-20T03:23:15+00:00\" \/>\n<meta property=\"og:image\" content=\"https:\/\/mihoaida.com\/pct\/wp-content\/uploads\/2023\/04\/IMG_3665-1-scaled-e1681539488696.jpg\" \/>\n<meta name=\"twitter:card\" content=\"summary_large_image\" \/>\n<meta name=\"twitter:label1\" content=\"Est. reading time\" \/>\n\t<meta name=\"twitter:data1\" content=\"4 minutes\" \/>\n<script type=\"application\/ld+json\" class=\"yoast-schema-graph\">{\"@context\":\"https:\\\/\\\/schema.org\",\"@graph\":[{\"@type\":\"WebPage\",\"@id\":\"https:\\\/\\\/mihoaida.com\\\/pct\\\/support\\\/\",\"url\":\"https:\\\/\\\/mihoaida.com\\\/pct\\\/support\\\/\",\"name\":\"Support - triple crown of full circle\",\"isPartOf\":{\"@id\":\"https:\\\/\\\/mihoaida.com\\\/pct\\\/#website\"},\"primaryImageOfPage\":{\"@id\":\"https:\\\/\\\/mihoaida.com\\\/pct\\\/support\\\/#primaryimage\"},\"image\":{\"@id\":\"https:\\\/\\\/mihoaida.com\\\/pct\\\/support\\\/#primaryimage\"},\"thumbnailUrl\":\"https:\\\/\\\/mihoaida.com\\\/pct\\\/wp-content\\\/uploads\\\/2023\\\/04\\\/IMG_3665-1-scaled-e1681539488696.jpg\",\"datePublished\":\"2023-04-15T05:15:55+00:00\",\"dateModified\":\"2026-04-20T03:23:15+00:00\",\"breadcrumb\":{\"@id\":\"https:\\\/\\\/mihoaida.com\\\/pct\\\/support\\\/#breadcrumb\"},\"inLanguage\":\"en-US\",\"potentialAction\":[{\"@type\":\"ReadAction\",\"target\":[\"https:\\\/\\\/mihoaida.com\\\/pct\\\/support\\\/\"]}]},{\"@type\":\"ImageObject\",\"inLanguage\":\"en-US\",\"@id\":\"https:\\\/\\\/mihoaida.com\\\/pct\\\/support\\\/#primaryimage\",\"url\":\"https:\\\/\\\/i0.wp.com\\\/mihoaida.com\\\/pct\\\/wp-content\\\/uploads\\\/2023\\\/04\\\/IMG_3665-1-scaled-e1681539488696.jpg?fit=2540%2C1548&ssl=1\",\"contentUrl\":\"https:\\\/\\\/i0.wp.com\\\/mihoaida.com\\\/pct\\\/wp-content\\\/uploads\\\/2023\\\/04\\\/IMG_3665-1-scaled-e1681539488696.jpg?fit=2540%2C1548&ssl=1\",\"width\":2540,\"height\":1548},{\"@type\":\"BreadcrumbList\",\"@id\":\"https:\\\/\\\/mihoaida.com\\\/pct\\\/support\\\/#breadcrumb\",\"itemListElement\":[{\"@type\":\"ListItem\",\"position\":1,\"name\":\"Home\",\"item\":\"https:\\\/\\\/mihoaida.com\\\/pct\\\/\"},{\"@type\":\"ListItem\",\"position\":2,\"name\":\"Support\"}]},{\"@type\":\"WebSite\",\"@id\":\"https:\\\/\\\/mihoaida.com\\\/pct\\\/#website\",\"url\":\"https:\\\/\\\/mihoaida.com\\\/pct\\\/\",\"name\":\"triple crown of full circle\",\"description\":\"14,850-Mile Journey for Joy and Freedom\",\"potentialAction\":[{\"@type\":\"SearchAction\",\"target\":{\"@type\":\"EntryPoint\",\"urlTemplate\":\"https:\\\/\\\/mihoaida.com\\\/pct\\\/?s={search_term_string}\"},\"query-input\":{\"@type\":\"PropertyValueSpecification\",\"valueRequired\":true,\"valueName\":\"search_term_string\"}}],\"inLanguage\":\"en-US\"}]}<\/script>\n<!-- \/ Yoast SEO plugin. -->","yoast_head_json":{"title":"Support - triple crown of full circle","robots":{"index":"index","follow":"follow","max-snippet":"max-snippet:-1","max-image-preview":"max-image-preview:large","max-video-preview":"max-video-preview:-1"},"canonical":"https:\/\/mihoaida.com\/pct\/support\/","og_locale":"en_US","og_type":"article","og_title":"Support - triple crown of full circle","og_description":"Photo courtesy of Michael Yanagisawa Join Me on the Trail Join me for a few days or a few hours! Or camp with me for a night if you\u2019d like. Please check the updates page for my approximate location so you know where to join me. Be a Trail Angel Want to surprise me by [&hellip;]","og_url":"https:\/\/mihoaida.com\/pct\/support\/","og_site_name":"triple crown of full circle","article_modified_time":"2026-04-20T03:23:15+00:00","og_image":[{"url":"https:\/\/mihoaida.com\/pct\/wp-content\/uploads\/2023\/04\/IMG_3665-1-scaled-e1681539488696.jpg","type":"","width":"","height":""}],"twitter_card":"summary_large_image","twitter_misc":{"Est. reading time":"4 minutes"},"schema":{"@context":"https:\/\/schema.org","@graph":[{"@type":"WebPage","@id":"https:\/\/mihoaida.com\/pct\/support\/","url":"https:\/\/mihoaida.com\/pct\/support\/","name":"Support - triple crown of full circle","isPartOf":{"@id":"https:\/\/mihoaida.com\/pct\/#website"},"primaryImageOfPage":{"@id":"https:\/\/mihoaida.com\/pct\/support\/#primaryimage"},"image":{"@id":"https:\/\/mihoaida.com\/pct\/support\/#primaryimage"},"thumbnailUrl":"https:\/\/mihoaida.com\/pct\/wp-content\/uploads\/2023\/04\/IMG_3665-1-scaled-e1681539488696.jpg","datePublished":"2023-04-15T05:15:55+00:00","dateModified":"2026-04-20T03:23:15+00:00","breadcrumb":{"@id":"https:\/\/mihoaida.com\/pct\/support\/#breadcrumb"},"inLanguage":"en-US","potentialAction":[{"@type":"ReadAction","target":["https:\/\/mihoaida.com\/pct\/support\/"]}]},{"@type":"ImageObject","inLanguage":"en-US","@id":"https:\/\/mihoaida.com\/pct\/support\/#primaryimage","url":"https:\/\/i0.wp.com\/mihoaida.com\/pct\/wp-content\/uploads\/2023\/04\/IMG_3665-1-scaled-e1681539488696.jpg?fit=2540%2C1548&ssl=1","contentUrl":"https:\/\/i0.wp.com\/mihoaida.com\/pct\/wp-content\/uploads\/2023\/04\/IMG_3665-1-scaled-e1681539488696.jpg?fit=2540%2C1548&ssl=1","width":2540,"height":1548},{"@type":"BreadcrumbList","@id":"https:\/\/mihoaida.com\/pct\/support\/#breadcrumb","itemListElement":[{"@type":"ListItem","position":1,"name":"Home","item":"https:\/\/mihoaida.com\/pct\/"},{"@type":"ListItem","position":2,"name":"Support"}]},{"@type":"WebSite","@id":"https:\/\/mihoaida.com\/pct\/#website","url":"https:\/\/mihoaida.com\/pct\/","name":"triple crown of full circle","description":"14,850-Mile Journey for Joy and Freedom","potentialAction":[{"@type":"SearchAction","target":{"@type":"EntryPoint","urlTemplate":"https:\/\/mihoaida.com\/pct\/?s={search_term_string}"},"query-input":{"@type":"PropertyValueSpecification","valueRequired":true,"valueName":"search_term_string"}}],"inLanguage":"en-US"}]}},"jetpack_sharing_enabled":true,"_links":{"self":[{"href":"https:\/\/mihoaida.com\/pct\/wp-json\/wp\/v2\/pages\/111","targetHints":{"allow":["GET"]}}],"collection":[{"href":"https:\/\/mihoaida.com\/pct\/wp-json\/wp\/v2\/pages"}],"about":[{"href":"https:\/\/mihoaida.com\/pct\/wp-json\/wp\/v2\/types\/page"}],"author":[{"embeddable":true,"href":"https:\/\/mihoaida.com\/pct\/wp-json\/wp\/v2\/users\/1"}],"replies":[{"embeddable":true,"href":"https:\/\/mihoaida.com\/pct\/wp-json\/wp\/v2\/comments?post=111"}],"version-history":[{"count":17,"href":"https:\/\/mihoaida.com\/pct\/wp-json\/wp\/v2\/pages\/111\/revisions"}],"predecessor-version":[{"id":3170,"href":"https:\/\/mihoaida.com\/pct\/wp-json\/wp\/v2\/pages\/111\/revisions\/3170"}],"wp:attachment":[{"href":"https:\/\/mihoaida.com\/pct\/wp-json\/wp\/v2\/media?parent=111"}],"curies":[{"name":"wp","href":"https:\/\/api.w.org\/{rel}","templated":true}]}}